{"id":3175,"date":"2021-11-27T10:48:27","date_gmt":"2021-11-27T16:48:27","guid":{"rendered":"https:\/\/jacophotographer.com\/terminos-y-condiciones\/"},"modified":"2025-10-31T12:23:18","modified_gmt":"2025-10-31T18:23:18","slug":"terminos-y-condiciones","status":"publish","type":"page","link":"https:\/\/jacophotographer.com\/es\/terminos-y-condiciones\/","title":{"rendered":"T\u00e9rminos y condiciones"},"content":{"rendered":"<div class=\"fusion-fullwidth fullwidth-box fusion-builder-row-1 fusion-flex-container nonhundred-percent-fullwidth non-hundred-percent-height-scrolling\" style=\"--link_hover_color: #00bcd4;--link_color: #dbdbdb;--awb-border-radius-top-left:0px;--awb-border-radius-top-right:0px;--awb-border-radius-bottom-right:0px;--awb-border-radius-bottom-left:0px;--awb-padding-right:5%;--awb-padding-left:5%;--awb-margin-bottom:50px;--awb-flex-wrap:wrap;\" ><div class=\"fusion-builder-row fusion-row fusion-flex-align-items-flex-start fusion-flex-content-wrap\" style=\"max-width:1331.2px;margin-left: calc(-4% \/ 2 );margin-right: calc(-4% \/ 2 );\"><div class=\"fusion-layout-column fusion_builder_column fusion-builder-column-0 fusion_builder_column_1_1 1_1 fusion-flex-column\" style=\"--awb-bg-position:center top;--awb-bg-size:cover;--awb-width-large:100%;--awb-margin-top-large:0px;--awb-spacing-right-large:1.92%;--awb-margin-bottom-large:50px;--awb-spacing-left-large:1.92%;--awb-width-medium:100%;--awb-order-medium:0;--awb-spacing-right-medium:1.92%;--awb-spacing-left-medium:1.92%;--awb-width-small:100%;--awb-order-small:0;--awb-spacing-right-small:1.92%;--awb-margin-bottom-small:25px;--awb-spacing-left-small:1.92%;\"><div class=\"fusion-column-wrapper fusion-column-has-shadow fusion-flex-justify-content-flex-start fusion-content-layout-column\"><div class=\"fusion-title title fusion-title-1 fusion-no-medium-visibility fusion-no-large-visibility fusion-sep-none fusion-title-text fusion-title-size-four\" style=\"--awb-text-color:var(--awb-color3);--awb-margin-top-small:0px;--awb-margin-right-small:0px;--awb-margin-bottom-small:0px;--awb-margin-left-small:0px;--awb-font-size:20px;\"><h4 class=\"fusion-title-heading title-heading-right sm-text-align-left fusion-responsive-typography-calculated\" style=\"font-family:var(--awb-typography2-font-family);font-weight:var(--awb-typography2-font-weight);font-style:var(--awb-typography2-font-style);margin:0;letter-spacing:var(--awb-typography2-letter-spacing);text-transform:capitalize;font-size:1em;--fontSize:20;--minFontSize:20;line-height:var(--awb-typography2-line-height);\">Todo lo que necesita saber<\/h4><\/div><div class=\"fusion-title title fusion-title-2 fusion-no-small-visibility fusion-sep-none fusion-title-center fusion-title-text fusion-title-size-paragraph\" style=\"--awb-text-color:var(--awb-color3);--awb-margin-top-small:0px;--awb-margin-right-small:0px;--awb-margin-bottom-small:0px;--awb-margin-left-small:0px;--awb-font-size:var(--awb-typography2-font-size);\"><p class=\"fusion-title-heading title-heading-center title-heading-tag sm-text-align-left fusion-responsive-typography-calculated\" style=\"font-family:var(--awb-typography2-font-family);font-weight:var(--awb-typography2-font-weight);font-style:var(--awb-typography2-font-style);margin:0;letter-spacing:var(--awb-typography2-letter-spacing);text-transform:capitalize;font-size:1em;--fontSize:25;--minFontSize:25;line-height:var(--awb-typography2-line-height);\">Todo lo que necesita saber<\/p><\/div><div class=\"fusion-title title fusion-title-3 fusion-no-small-visibility fusion-sep-none fusion-title-center fusion-title-text fusion-title-size-one\" style=\"--awb-text-color:var(--awb-color1);--awb-margin-top-small:0px;--awb-margin-right-small:0px;--awb-margin-bottom-small:0px;--awb-margin-left-small:0px;--awb-font-size:var(--awb-typography1-font-size);\"><h1 class=\"fusion-title-heading title-heading-center sm-text-align-left fusion-responsive-typography-calculated\" style=\"font-family:var(--awb-typography1-font-family);font-weight:var(--awb-typography1-font-weight);font-style:var(--awb-typography1-font-style);margin:0;letter-spacing:var(--awb-typography1-letter-spacing);text-transform:var(--awb-typography1-text-transform);font-size:1em;--fontSize:45;line-height:var(--awb-typography1-line-height);\">T\u00c9RMINOS Y CONDICIONES<\/h1><\/div><div class=\"fusion-title title fusion-title-4 fusion-no-medium-visibility fusion-no-large-visibility fusion-sep-none fusion-title-center fusion-title-text fusion-title-size-one\" style=\"--awb-text-color:var(--awb-color1);--awb-margin-top-small:0px;--awb-margin-right-small:0px;--awb-margin-bottom-small:0px;--awb-margin-left-small:0px;--awb-font-size:35px;\"><h1 class=\"fusion-title-heading title-heading-center sm-text-align-left fusion-responsive-typography-calculated\" style=\"font-family:var(--awb-typography1-font-family);font-weight:var(--awb-typography1-font-weight);font-style:var(--awb-typography1-font-style);margin:0;letter-spacing:var(--awb-typography1-letter-spacing);text-transform:var(--awb-typography1-text-transform);font-size:1em;--fontSize:35;line-height:var(--awb-typography1-line-height);\">T\u00c9RMINOS Y CONDICIONES<\/h1><\/div><div class=\"fusion-title title fusion-title-5 fusion-sep-none fusion-title-center fusion-title-text fusion-title-size-paragraph\" style=\"--awb-text-color:hsla(var(--awb-color2-h),var(--awb-color2-s),var(--awb-color2-l),calc(var(--awb-color2-a) - 20%));--awb-margin-right:0xp;--awb-margin-bottom:15px;--awb-margin-top-small:0px;--awb-margin-right-small:0px;--awb-margin-bottom-small:15px;--awb-margin-left-small:0px;--awb-font-size:16px;\"><p class=\"fusion-title-heading title-heading-center title-heading-tag sm-text-align-left fusion-responsive-typography-calculated\" style=\"font-family:var(--awb-typography3-font-family);font-weight:var(--awb-typography3-font-weight);font-style:var(--awb-typography3-font-style);margin:0;letter-spacing:var(--awb-typography3-letter-spacing);text-transform:none;font-size:1em;--fontSize:16;--minFontSize:16;line-height:var(--awb-typography3-line-height);\">Por Pacific Photography Costa Rica<\/p><\/div><\/div><\/div><div class=\"fusion-layout-column fusion_builder_column fusion-builder-column-1 fusion_builder_column_1_1 1_1 fusion-flex-column\" style=\"--awb-bg-size:cover;--awb-width-large:100%;--awb-margin-top-large:0px;--awb-spacing-right-large:1.92%;--awb-margin-bottom-large:20px;--awb-spacing-left-large:1.92%;--awb-width-medium:100%;--awb-order-medium:0;--awb-spacing-right-medium:1.92%;--awb-spacing-left-medium:1.92%;--awb-width-small:100%;--awb-order-small:0;--awb-spacing-right-small:1.92%;--awb-spacing-left-small:1.92%;\"><div class=\"fusion-column-wrapper fusion-column-has-shadow fusion-flex-justify-content-flex-start fusion-content-layout-column\"><div class=\"fusion-title title fusion-title-6 fusion-sep-none fusion-title-text fusion-title-size-two\" style=\"--awb-text-color:var(--awb-color8);--awb-margin-top-small:0px;--awb-margin-right-small:0px;--awb-margin-bottom-small:0px;--awb-margin-left-small:0px;--awb-font-size:var(--awb-typography2-font-size);\"><h2 class=\"fusion-title-heading title-heading-left fusion-responsive-typography-calculated\" style=\"font-family:var(--awb-typography2-font-family);font-weight:var(--awb-typography2-font-weight);font-style:var(--awb-typography2-font-style);margin:0;letter-spacing:var(--awb-typography2-letter-spacing);text-transform:var(--awb-typography2-text-transform);font-size:1em;--fontSize:25;--minFontSize:25;line-height:var(--awb-typography2-line-height);\">Pagos<\/h2><\/div><div class=\"fusion-text fusion-text-1\" style=\"--awb-text-transform:none;\"><ul>\n<li>El impuesto (IVA del 13%) no est\u00e1 incluido.<\/li>\n<li>Las propinas no est\u00e1n incluidas en el precio, pero siempre son bienvenidas.<span class=\"Apple-converted-space\">&nbsp;<\/span><\/li>\n<li>La tarifa por tiempo adicional es de $100\/hora.<\/li>\n<li>Tarifas para el Valle Central (San Jos\u00e9) \u2013 Pac\u00edfico Central (Jaco).<span class=\"Apple-converted-space\">&nbsp;<\/span><\/li>\n<li>Las tarifas externas est\u00e1n disponibles y ser\u00e1n proporcionadas por un agente (una tarifa adicional puede incluir transporte, alojamiento y otros gastos).<\/li>\n<li>Todos los servicios requieren un dep\u00f3sito m\u00ednimo del 50% para RESERVAR las fechas\/la reserva.<span class=\"Apple-converted-space\">&nbsp;<\/span><\/li>\n<li>El pago del saldo vence el d\u00eda de la sesi\u00f3n.<span class=\"Apple-converted-space\">&nbsp;<\/span><\/li>\n<li>Los precios no incluyen las impresiones, y enviaremos todos los archivos digitalmente.<span class=\"Apple-converted-space\">&nbsp;<\/span><\/li>\n<li>Esperar para reservar puede resultar en que no haya fechas disponibles (siempre recomendamos reservar dentro de un plazo previsto).<\/li>\n<li>PayPal, tarjeta de cr\u00e9dito (a trav\u00e9s de enlace de factura), transferencia bancaria local y efectivo (USD\/CRC).<\/li>\n<li>Los procesadores de pago pueden indicar Pacific Marketing Agency, Pacific Photography y REY Design.<\/li>\n<\/ul>\n<\/div><\/div><\/div><div class=\"fusion-layout-column fusion_builder_column fusion-builder-column-2 fusion_builder_column_1_1 1_1 fusion-flex-column\" style=\"--awb-bg-size:cover;--awb-width-large:100%;--awb-margin-top-large:0px;--awb-spacing-right-large:1.92%;--awb-margin-bottom-large:20px;--awb-spacing-left-large:1.92%;--awb-width-medium:100%;--awb-order-medium:0;--awb-spacing-right-medium:1.92%;--awb-spacing-left-medium:1.92%;--awb-width-small:100%;--awb-order-small:0;--awb-spacing-right-small:1.92%;--awb-spacing-left-small:1.92%;\"><div class=\"fusion-column-wrapper fusion-column-has-shadow fusion-flex-justify-content-flex-start fusion-content-layout-column\"><div class=\"fusion-title title fusion-title-7 fusion-sep-none fusion-title-text fusion-title-size-three\" style=\"--awb-text-color:var(--awb-color8);--awb-margin-top-small:0px;--awb-margin-right-small:0px;--awb-margin-bottom-small:0px;--awb-margin-left-small:0px;--awb-font-size:var(--awb-typography2-font-size);\"><h3 class=\"fusion-title-heading title-heading-left fusion-responsive-typography-calculated\" style=\"font-family:var(--awb-typography2-font-family);font-weight:var(--awb-typography2-font-weight);font-style:var(--awb-typography2-font-style);margin:0;letter-spacing:var(--awb-typography2-letter-spacing);text-transform:var(--awb-typography2-text-transform);font-size:1em;--fontSize:25;--minFontSize:25;line-height:var(--awb-typography2-line-height);\">Plazo de entrega<\/h3><\/div><div class=\"fusion-text fusion-text-2\" style=\"--awb-text-transform:none;\"><ul>\n<li>El plazo de entrega para las sesiones de fotograf\u00eda suele ser de una a dos semanas.<\/li>\n<li>El plazo de entrega para la producci\u00f3n de v\u00eddeo suele ser de dos a cuatro semanas.<\/li>\n<li>El plazo de entrega para bodas suele ser de cuatro a cinco semanas.<\/li>\n<li>Se incluye una galer\u00eda privada en l\u00ednea para nuestros clientes (v\u00e1lida por 6 meses), despu\u00e9s de lo cual no guardamos su trabajo. No nos hacemos responsables si no lo descarga dentro del plazo especificado. <\/li>\n<li>El n\u00famero indicado de fotograf\u00edas es una base m\u00ednima; dependiendo del tama\u00f1o del grupo, siempre nos esforzaremos por proporcionarle la mayor cantidad y las mejores fotos de la selecci\u00f3n del fot\u00f3grafo.<\/li>\n<\/ul>\n<\/div><\/div><\/div><div class=\"fusion-layout-column fusion_builder_column fusion-builder-column-3 fusion_builder_column_1_1 1_1 fusion-flex-column\" style=\"--awb-bg-size:cover;--awb-width-large:100%;--awb-margin-top-large:0px;--awb-spacing-right-large:1.92%;--awb-margin-bottom-large:20px;--awb-spacing-left-large:1.92%;--awb-width-medium:100%;--awb-order-medium:0;--awb-spacing-right-medium:1.92%;--awb-spacing-left-medium:1.92%;--awb-width-small:100%;--awb-order-small:0;--awb-spacing-right-small:1.92%;--awb-spacing-left-small:1.92%;\"><div class=\"fusion-column-wrapper fusion-column-has-shadow fusion-flex-justify-content-flex-start fusion-content-layout-column\"><div class=\"fusion-title title fusion-title-8 fusion-sep-none fusion-title-text fusion-title-size-three\" style=\"--awb-text-color:var(--awb-color8);--awb-margin-top-small:0px;--awb-margin-right-small:0px;--awb-margin-bottom-small:0px;--awb-margin-left-small:0px;--awb-font-size:var(--awb-typography2-font-size);\"><h3 class=\"fusion-title-heading title-heading-left fusion-responsive-typography-calculated\" style=\"font-family:var(--awb-typography2-font-family);font-weight:var(--awb-typography2-font-weight);font-style:var(--awb-typography2-font-style);margin:0;letter-spacing:var(--awb-typography2-letter-spacing);text-transform:var(--awb-typography2-text-transform);font-size:1em;--fontSize:25;--minFontSize:25;line-height:var(--awb-typography2-line-height);\">Cancelaciones<\/h3><\/div><div class=\"fusion-text fusion-text-3\" style=\"--awb-text-transform:none;\"><p>Cont\u00e1ctenos dentro de las 48 horas posteriores al pago de su dep\u00f3sito para recibir un reembolso completo de su dep\u00f3sito. Despu\u00e9s de eso, no se otorgar\u00e1n reembolsos de dep\u00f3sito, ya que estamos reservando la fecha y la hora y bloqueando nuestro calendario (se puede aplicar la reprogramaci\u00f3n). Tenga en cuenta que hay tarifas de procesamiento para cada transacci\u00f3n que se pierden cuando se solicita un reembolso. Algunas circunstancias est\u00e1n fuera de nuestro control y podemos considerar un reembolso, un reembolso parcial o una reprogramaci\u00f3n, as\u00ed que no dude en contactarnos.  <\/p>\n<\/div><\/div><\/div><div class=\"fusion-layout-column fusion_builder_column fusion-builder-column-4 fusion_builder_column_1_1 1_1 fusion-flex-column\" style=\"--awb-bg-size:cover;--awb-width-large:100%;--awb-margin-top-large:0px;--awb-spacing-right-large:1.92%;--awb-margin-bottom-large:20px;--awb-spacing-left-large:1.92%;--awb-width-medium:100%;--awb-order-medium:0;--awb-spacing-right-medium:1.92%;--awb-spacing-left-medium:1.92%;--awb-width-small:100%;--awb-order-small:0;--awb-spacing-right-small:1.92%;--awb-spacing-left-small:1.92%;\"><div class=\"fusion-column-wrapper fusion-column-has-shadow fusion-flex-justify-content-flex-start fusion-content-layout-column\"><div class=\"fusion-title title fusion-title-9 fusion-sep-none fusion-title-text fusion-title-size-three\" style=\"--awb-text-color:var(--awb-color8);--awb-margin-top-small:0px;--awb-margin-right-small:0px;--awb-margin-bottom-small:0px;--awb-margin-left-small:0px;--awb-font-size:var(--awb-typography2-font-size);\"><h3 class=\"fusion-title-heading title-heading-left fusion-responsive-typography-calculated\" style=\"font-family:var(--awb-typography2-font-family);font-weight:var(--awb-typography2-font-weight);font-style:var(--awb-typography2-font-style);margin:0;letter-spacing:var(--awb-typography2-letter-spacing);text-transform:var(--awb-typography2-text-transform);font-size:1em;--fontSize:25;--minFontSize:25;line-height:var(--awb-typography2-line-height);\">Contenido RAW<\/h3><\/div><div class=\"fusion-text fusion-text-4\" style=\"--awb-text-transform:none;\"><ul>\n<li>Conservamos el contenido RAW durante un m\u00e1ximo de 30 d\u00edas desde la sesi\u00f3n para cualquier modificaci\u00f3n necesaria (v\u00eddeos). Despu\u00e9s de este per\u00edodo, todo el contenido RAW ser\u00e1 eliminado. <\/li>\n<li>Solicitar contenido RAW tiene un coste adicional de 40$.<\/li>\n<li>Los archivos de imagen RAW no son accesibles sin el software adecuado. Pacific Photography puede convertir todos los archivos de imagen a formato .jpg, lo que le permite verlos y editarlos seg\u00fan sea necesario. <\/li>\n<li>Los archivos de v\u00eddeo RAW est\u00e1n codificados por colores y requieren un software especializado para su edici\u00f3n.<\/li>\n<\/ul>\n<\/div><\/div><\/div><div class=\"fusion-layout-column fusion_builder_column fusion-builder-column-5 fusion_builder_column_1_1 1_1 fusion-flex-column\" style=\"--awb-bg-size:cover;--awb-width-large:100%;--awb-margin-top-large:0px;--awb-spacing-right-large:1.92%;--awb-margin-bottom-large:20px;--awb-spacing-left-large:1.92%;--awb-width-medium:100%;--awb-order-medium:0;--awb-spacing-right-medium:1.92%;--awb-spacing-left-medium:1.92%;--awb-width-small:100%;--awb-order-small:0;--awb-spacing-right-small:1.92%;--awb-spacing-left-small:1.92%;\"><div class=\"fusion-column-wrapper fusion-column-has-shadow fusion-flex-justify-content-flex-start fusion-content-layout-column\"><div class=\"fusion-title title fusion-title-10 fusion-sep-none fusion-title-text fusion-title-size-three\" style=\"--awb-text-color:var(--awb-color8);--awb-margin-top-small:0px;--awb-margin-right-small:0px;--awb-margin-bottom-small:0px;--awb-margin-left-small:0px;--awb-font-size:var(--awb-typography2-font-size);\"><h3 class=\"fusion-title-heading title-heading-left fusion-responsive-typography-calculated\" style=\"font-family:var(--awb-typography2-font-family);font-weight:var(--awb-typography2-font-weight);font-style:var(--awb-typography2-font-style);margin:0;letter-spacing:var(--awb-typography2-letter-spacing);text-transform:var(--awb-typography2-text-transform);font-size:1em;--fontSize:25;--minFontSize:25;line-height:var(--awb-typography2-line-height);\">Pacific<\/h3><\/div><div class=\"fusion-text fusion-text-5\" style=\"--awb-text-transform:none;\"><ul>\n<li>Pacific Photography forma parte de la unidad <span style=\"text-decoration: underline;\"><a href=\"https:\/\/pacificmarketingcr.com\" target=\"_blank\" rel=\"noopener\">Pacific Marketing Agency<\/a><\/span>, una asociaci\u00f3n entre Johnathan Reynar y Rafael Laurent Rojas.<\/li>\n<li>Los servicios son completamente biling\u00fces (ingl\u00e9s y espa\u00f1ol).<\/li>\n<li>Con sede en Costa Rica, pero viaja fuera del pa\u00eds para trabajar una vez cotizado y completado el pago.<\/li>\n<li>Estamos equipados con todo el equipo profesional necesario para proporcionarle los servicios indicados en nuestro sitio web.<\/li>\n<li>No vendemos su informaci\u00f3n; toda la informaci\u00f3n que recopilamos es proporcionada por usted y \u00fanicamente para fines de contacto y para enviarle el producto terminado.<\/li>\n<\/ul>\n<\/div><\/div><\/div><\/div><\/div>\n","protected":false},"excerpt":{"rendered":"","protected":false},"author":1,"featured_media":2633,"parent":0,"menu_order":9,"comment_status":"closed","ping_status":"closed","template":"100-width.php","meta":{"footnotes":""},"class_list":["post-3175","page","type-page","status-publish","has-post-thumbnail","hentry"],"aioseo_notices":[],"_links":{"self":[{"href":"https:\/\/jacophotographer.com\/es\/wp-json\/wp\/v2\/pages\/3175","targetHints":{"allow":["GET"]}}],"collection":[{"href":"https:\/\/jacophotographer.com\/es\/wp-json\/wp\/v2\/pages"}],"about":[{"href":"https:\/\/jacophotographer.com\/es\/wp-json\/wp\/v2\/types\/page"}],"author":[{"embeddable":true,"href":"https:\/\/jacophotographer.com\/es\/wp-json\/wp\/v2\/users\/1"}],"replies":[{"embeddable":true,"href":"https:\/\/jacophotographer.com\/es\/wp-json\/wp\/v2\/comments?post=3175"}],"version-history":[{"count":0,"href":"https:\/\/jacophotographer.com\/es\/wp-json\/wp\/v2\/pages\/3175\/revisions"}],"wp:featuredmedia":[{"embeddable":true,"href":"https:\/\/jacophotographer.com\/es\/wp-json\/wp\/v2\/media\/2633"}],"wp:attachment":[{"href":"https:\/\/jacophotographer.com\/es\/wp-json\/wp\/v2\/media?parent=3175"}],"curies":[{"name":"wp","href":"https:\/\/api.w.org\/{rel}","templated":true}]}}