{"id":3765,"date":"2022-02-18T08:13:20","date_gmt":"2022-02-18T14:13:20","guid":{"rendered":"https:\/\/jacophotographer.com\/recomendaciones-de-fotografos\/"},"modified":"2025-10-31T12:26:30","modified_gmt":"2025-10-31T18:26:30","slug":"recomendaciones-de-fotografos","status":"publish","type":"page","link":"https:\/\/jacophotographer.com\/es\/recomendaciones-de-fotografos\/","title":{"rendered":"Recomendaciones de fot\u00f3grafos"},"content":{"rendered":"<div id=\"general\" class=\"fusion-container-anchor\"><div class=\"fusion-fullwidth fullwidth-box fusion-builder-row-1 fusion-flex-container nonhundred-percent-fullwidth non-hundred-percent-height-scrolling\" style=\"--link_hover_color: #00bcd4;--link_color: #dbdbdb;--awb-border-radius-top-left:0px;--awb-border-radius-top-right:0px;--awb-border-radius-bottom-right:0px;--awb-border-radius-bottom-left:0px;--awb-padding-top:50px;--awb-padding-right:5%;--awb-padding-bottom:50px;--awb-padding-left:5%;--awb-flex-wrap:wrap;\" ><div class=\"fusion-builder-row fusion-row fusion-flex-align-items-flex-start fusion-flex-content-wrap\" style=\"max-width:1331.2px;margin-left: calc(-4% \/ 2 );margin-right: calc(-4% \/ 2 );\"><div class=\"fusion-layout-column fusion_builder_column fusion-builder-column-0 fusion_builder_column_1_1 1_1 fusion-flex-column\" style=\"--awb-bg-position:center top;--awb-bg-size:cover;--awb-width-large:100%;--awb-margin-top-large:0px;--awb-spacing-right-large:1.92%;--awb-margin-bottom-large:50px;--awb-spacing-left-large:1.92%;--awb-width-medium:100%;--awb-order-medium:0;--awb-spacing-right-medium:1.92%;--awb-spacing-left-medium:1.92%;--awb-width-small:100%;--awb-order-small:0;--awb-spacing-right-small:1.92%;--awb-margin-bottom-small:25px;--awb-spacing-left-small:1.92%;\"><div class=\"fusion-column-wrapper fusion-column-has-shadow fusion-flex-justify-content-flex-start fusion-content-layout-column\"><div class=\"fusion-title title fusion-title-1 fusion-no-medium-visibility fusion-no-large-visibility fusion-sep-none fusion-title-text fusion-title-size-four\" style=\"--awb-text-color:var(--awb-color3);--awb-margin-top-small:0px;--awb-margin-right-small:0px;--awb-margin-bottom-small:0px;--awb-margin-left-small:0px;--awb-font-size:20px;\"><h4 class=\"fusion-title-heading title-heading-right sm-text-align-left fusion-responsive-typography-calculated\" style=\"font-family:var(--awb-typography2-font-family);font-weight:var(--awb-typography2-font-weight);font-style:var(--awb-typography2-font-style);margin:0;letter-spacing:var(--awb-typography2-letter-spacing);text-transform:capitalize;font-size:1em;--fontSize:20;--minFontSize:20;line-height:var(--awb-typography2-line-height);\">\u00a1Trabajemos juntos para obtener los mejores resultados!<\/h4><\/div><div class=\"fusion-title title fusion-title-2 fusion-no-small-visibility fusion-sep-none fusion-title-center fusion-title-text fusion-title-size-paragraph\" style=\"--awb-text-color:var(--awb-color3);--awb-margin-top-small:0px;--awb-margin-right-small:0px;--awb-margin-bottom-small:0px;--awb-margin-left-small:0px;--awb-font-size:var(--awb-typography2-font-size);\"><p class=\"fusion-title-heading title-heading-center title-heading-tag sm-text-align-left fusion-responsive-typography-calculated\" style=\"font-family:var(--awb-typography2-font-family);font-weight:var(--awb-typography2-font-weight);font-style:var(--awb-typography2-font-style);margin:0;letter-spacing:var(--awb-typography2-letter-spacing);text-transform:capitalize;font-size:1em;--fontSize:25;--minFontSize:25;line-height:var(--awb-typography2-line-height);\">\u00a1Trabajemos juntos para obtener los mejores resultados!<\/p><\/div><div class=\"fusion-title title fusion-title-3 fusion-no-small-visibility fusion-sep-none fusion-title-center fusion-title-text fusion-title-size-one\" style=\"--awb-text-color:var(--awb-color1);--awb-margin-top-small:0px;--awb-margin-right-small:0px;--awb-margin-bottom-small:0px;--awb-margin-left-small:0px;--awb-font-size:var(--awb-typography1-font-size);\"><h1 class=\"fusion-title-heading title-heading-center sm-text-align-left fusion-responsive-typography-calculated\" style=\"font-family:var(--awb-typography1-font-family);font-weight:var(--awb-typography1-font-weight);font-style:var(--awb-typography1-font-style);margin:0;letter-spacing:var(--awb-typography1-letter-spacing);text-transform:var(--awb-typography1-text-transform);font-size:1em;--fontSize:45;line-height:var(--awb-typography1-line-height);\">RECOMENDACIONES<\/h1><\/div><div class=\"fusion-title title fusion-title-4 fusion-no-medium-visibility fusion-no-large-visibility fusion-sep-none fusion-title-center fusion-title-text fusion-title-size-one\" style=\"--awb-text-color:var(--awb-color1);--awb-margin-top-small:0px;--awb-margin-right-small:0px;--awb-margin-bottom-small:0px;--awb-margin-left-small:0px;--awb-font-size:35px;\"><h1 class=\"fusion-title-heading title-heading-center sm-text-align-left fusion-responsive-typography-calculated\" style=\"font-family:var(--awb-typography1-font-family);font-weight:var(--awb-typography1-font-weight);font-style:var(--awb-typography1-font-style);margin:0;letter-spacing:var(--awb-typography1-letter-spacing);text-transform:var(--awb-typography1-text-transform);font-size:1em;--fontSize:35;line-height:var(--awb-typography1-line-height);\">RECOMENDACIONES<\/h1><\/div><div class=\"fusion-title title fusion-title-5 fusion-sep-none fusion-title-center fusion-title-text fusion-title-size-paragraph\" style=\"--awb-text-color:hsla(var(--awb-color2-h),var(--awb-color2-s),var(--awb-color2-l),calc(var(--awb-color2-a) - 20%));--awb-margin-right:0xp;--awb-margin-bottom:15px;--awb-margin-top-small:0px;--awb-margin-right-small:0px;--awb-margin-bottom-small:15px;--awb-margin-left-small:0px;--awb-font-size:16px;\"><p class=\"fusion-title-heading title-heading-center title-heading-tag sm-text-align-left fusion-responsive-typography-calculated\" style=\"font-family:var(--awb-typography3-font-family);font-weight:var(--awb-typography3-font-weight);font-style:var(--awb-typography3-font-style);margin:0;letter-spacing:var(--awb-typography3-letter-spacing);text-transform:none;font-size:1em;--fontSize:16;--minFontSize:16;line-height:var(--awb-typography3-line-height);\">Por Pacific Photography Costa Rica<\/p><\/div><\/div><\/div><div class=\"fusion-layout-column fusion_builder_column fusion-builder-column-1 fusion_builder_column_1_1 1_1 fusion-flex-column\" style=\"--awb-bg-size:cover;--awb-width-large:100%;--awb-margin-top-large:0px;--awb-spacing-right-large:1.92%;--awb-margin-bottom-large:0px;--awb-spacing-left-large:1.92%;--awb-width-medium:100%;--awb-order-medium:0;--awb-spacing-right-medium:1.92%;--awb-spacing-left-medium:1.92%;--awb-width-small:100%;--awb-order-small:0;--awb-spacing-right-small:1.92%;--awb-spacing-left-small:1.92%;\"><div class=\"fusion-column-wrapper fusion-column-has-shadow fusion-flex-justify-content-flex-start fusion-content-layout-column\"><div class=\"fusion-title title fusion-title-6 fusion-sep-none fusion-title-text fusion-title-size-two\" style=\"--awb-text-color:var(--awb-color8);--awb-margin-bottom:20px;--awb-margin-top-small:0px;--awb-margin-right-small:0px;--awb-margin-bottom-small:25px;--awb-margin-left-small:0px;--awb-font-size:var(--awb-typography2-font-size);\"><h2 class=\"fusion-title-heading title-heading-left fusion-responsive-typography-calculated\" style=\"font-family:var(--awb-typography2-font-family);font-weight:var(--awb-typography2-font-weight);font-style:var(--awb-typography2-font-style);margin:0;letter-spacing:var(--awb-typography2-letter-spacing);text-transform:var(--awb-typography2-text-transform);font-size:1em;--fontSize:25;--minFontSize:25;line-height:var(--awb-typography2-line-height);\">fotograf\u00eda general<\/h2><\/div><div class=\"fusion-title title fusion-title-7 fusion-sep-none fusion-title-text fusion-title-size-four\" style=\"--awb-text-color:var(--awb-color3);--awb-margin-top-small:0px;--awb-margin-right-small:0px;--awb-margin-bottom-small:0px;--awb-margin-left-small:0px;--awb-font-size:var(--awb-typography3-font-size);\"><h4 class=\"fusion-title-heading title-heading-left fusion-responsive-typography-calculated\" style=\"font-family:var(--awb-typography3-font-family);font-weight:var(--awb-typography3-font-weight);font-style:var(--awb-typography3-font-style);margin:0;letter-spacing:var(--awb-typography3-letter-spacing);text-transform:var(--awb-typography3-text-transform);font-size:1em;--fontSize:20;--minFontSize:20;line-height:var(--awb-typography3-line-height);\">fotograf\u00eda al aire libre<\/h4><\/div><div class=\"fusion-text fusion-text-1\" style=\"--awb-text-transform:none;\"><p>\u00a1Costa Rica est\u00e1 <strong><span style=\"text-decoration: underline;\">CALIENTE<\/span><\/strong> ! Si a\u00fan no te has dado cuenta o sigues esperando que lleguen tus vacaciones. Los d\u00edas son cortos, pero el sol es poderoso, por lo que recomendamos programar las sesiones de fotograf\u00eda temprano en la ma\u00f1ana o al final de la tarde si es al aire libre. Sabemos que no a todo el mundo le gusta madrugar, especialmente cuando est\u00e1 de vacaciones, pero le aseguramos que quedar\u00e1 encantado con los resultados. Dependiendo de la temporada, podemos capturar la sesi\u00f3n con una espectacular puesta de sol durante el verano.<\/p>\n<p>Los horarios de ma\u00f1ana recomendados son de 7:00 a. m. a 10:00 a. m. Y horario de tarde a partir de las 15:30 \/ 16:00 horas.<\/p>\n<\/div><div class=\"fusion-title title fusion-title-8 fusion-sep-none fusion-title-text fusion-title-size-four\" style=\"--awb-text-color:var(--awb-color3);--awb-margin-top-small:0px;--awb-margin-right-small:0px;--awb-margin-bottom-small:0px;--awb-margin-left-small:0px;--awb-font-size:var(--awb-typography3-font-size);\"><h4 class=\"fusion-title-heading title-heading-left fusion-responsive-typography-calculated\" style=\"font-family:var(--awb-typography3-font-family);font-weight:var(--awb-typography3-font-weight);font-style:var(--awb-typography3-font-style);margin:0;letter-spacing:var(--awb-typography3-letter-spacing);text-transform:var(--awb-typography3-text-transform);font-size:1em;--fontSize:20;--minFontSize:20;line-height:var(--awb-typography3-line-height);\">Temporadas en Costa Rica<\/h4><\/div><div class=\"fusion-text fusion-text-2\" style=\"--awb-text-transform:none;\"><p>Mucha gente quiere esa hermosa sesi\u00f3n de usted y su(s) ser querido(s) en la playa con los hermosos colores del atardecer. \u00bfPor qu\u00e9 no? Es espectacular. Pero hay que tener en cuenta las estaciones en Costa Rica. De diciembre a junio estamos en nuestro verano, luego de junio a diciembre estamos en nuestro invierno, con el coraz\u00f3n del invierno en octubre (\u00e1rea del Pac\u00edfico Central, ejemplo: Jaco). Entonces, si viaja durante los meses de invierno, tenga en cuenta que una sesi\u00f3n de puesta de sol puede llover y ser casi definitiva en octubre.<\/p>\n<p>Durante todo el a\u00f1o es casi seguro que tendr\u00e1 una hermosa ma\u00f1ana, as\u00ed que si tiene alguna duda, reserve su sesi\u00f3n para la ma\u00f1ana, para capturar los hermosos colores en el fondo.<\/p>\n<\/div><div class=\"fusion-title title fusion-title-9 fusion-sep-none fusion-title-text fusion-title-size-four\" style=\"--awb-text-color:var(--awb-color3);--awb-margin-top-small:0px;--awb-margin-right-small:0px;--awb-margin-bottom-small:0px;--awb-margin-left-small:0px;--awb-font-size:var(--awb-typography3-font-size);\"><h4 class=\"fusion-title-heading title-heading-left fusion-responsive-typography-calculated\" style=\"font-family:var(--awb-typography3-font-family);font-weight:var(--awb-typography3-font-weight);font-style:var(--awb-typography3-font-style);margin:0;letter-spacing:var(--awb-typography3-letter-spacing);text-transform:var(--awb-typography3-text-transform);font-size:1em;--fontSize:20;--minFontSize:20;line-height:var(--awb-typography3-line-height);\">\u00a1Las puestas de sol son las favoritas de la mayor\u00eda!<\/h4><\/div><div class=\"fusion-text fusion-text-3\" style=\"--awb-text-transform:none;\"><p>El sol se pone un poco m\u00e1s tarde en verano (a diferencia de otros pa\u00edses, Costa Rica var\u00eda solo alrededor de 30 minutos a 1 hora), por lo que recomendamos iniciar la sesi\u00f3n de atardecer a las 4:30 p. m. Esto nos dar\u00e1 tiempo para capturar algunas fotos con mayor luz y otras con ese fondo impactante que est\u00e1s buscando. Podemos comenzar la sesi\u00f3n a las 4:00 pm en los meses de invierno, si el clima lo permite; tambi\u00e9n recomendaremos la hora correcta dependiendo de la temporada.<\/p>\n<\/div><\/div><\/div><div class=\"fusion-layout-column fusion_builder_column fusion-builder-column-2 fusion_builder_column_1_1 1_1 fusion-flex-column\" style=\"--awb-bg-size:cover;--awb-width-large:100%;--awb-margin-top-large:0px;--awb-spacing-right-large:1.92%;--awb-margin-bottom-large:0px;--awb-spacing-left-large:1.92%;--awb-width-medium:100%;--awb-order-medium:0;--awb-spacing-right-medium:1.92%;--awb-spacing-left-medium:1.92%;--awb-width-small:100%;--awb-order-small:0;--awb-spacing-right-small:1.92%;--awb-spacing-left-small:1.92%;\"><div class=\"fusion-column-wrapper fusion-column-has-shadow fusion-flex-justify-content-flex-start fusion-content-layout-column\"><div class=\"fusion-title title fusion-title-10 fusion-sep-none fusion-title-text fusion-title-size-three\" style=\"--awb-text-color:var(--awb-color8);--awb-margin-bottom:20px;--awb-margin-top-small:0px;--awb-margin-right-small:0px;--awb-margin-bottom-small:25px;--awb-margin-left-small:0px;--awb-font-size:var(--awb-typography2-font-size);\"><h3 class=\"fusion-title-heading title-heading-left fusion-responsive-typography-calculated\" style=\"font-family:var(--awb-typography2-font-family);font-weight:var(--awb-typography2-font-weight);font-style:var(--awb-typography2-font-style);margin:0;letter-spacing:var(--awb-typography2-letter-spacing);text-transform:var(--awb-typography2-text-transform);font-size:1em;--fontSize:25;--minFontSize:25;line-height:var(--awb-typography2-line-height);\">Fotograf\u00eda inmobiliaria<\/h3><\/div><div class=\"fusion-title title fusion-title-11 fusion-sep-none fusion-title-text fusion-title-size-four\" style=\"--awb-text-color:var(--awb-color3);--awb-margin-top-small:0px;--awb-margin-right-small:0px;--awb-margin-bottom-small:0px;--awb-margin-left-small:0px;--awb-font-size:var(--awb-typography3-font-size);\"><h4 class=\"fusion-title-heading title-heading-left fusion-responsive-typography-calculated\" style=\"font-family:var(--awb-typography3-font-family);font-weight:var(--awb-typography3-font-weight);font-style:var(--awb-typography3-font-style);margin:0;letter-spacing:var(--awb-typography3-letter-spacing);text-transform:var(--awb-typography3-text-transform);font-size:1em;--fontSize:20;--minFontSize:20;line-height:var(--awb-typography3-line-height);\">Preparando la propiedad<\/h4><\/div><div class=\"fusion-text fusion-text-4\" style=\"--awb-text-transform:none;\"><p>Con nuestra experiencia profesional, nos gustar\u00eda ofrecer nuestras recomendaciones para preparar su propiedad para la sesi\u00f3n de fotos. Insistimos en que antes hayas limpiado bien el lugar, retires fotograf\u00edas, dibujos de ni\u00f1os, juguetes, etc., que no quieras que salgan en las fotos. Y esconda utensilios de cocina adicionales fuera de los mostradores, como tendederos, jab\u00f3n, esponjas, incluso tostadoras, licuadoras, etc., cualquier cosa que pueda parecer abarrotada o que no ayude a la fotograf\u00eda. Si las vistas desde las ventanas son agradables con fondos coloridos que se suman a la imagen, recomendamos que las ventanas est\u00e9n limpias, ya que notar\u00e1 cualquier marca en ellas. Cuando entramos a los ba\u00f1os, siempre nos gusta quitar los botes de basura para que no salgan en las fotos; es a\u00fan mejor si puedes ocultarlos de antemano. Finalmente, si tiene alguna solicitud especial, h\u00e1ganoslo saber de antemano, ya que queremos asegurarnos de proporcionarle las fotograf\u00edas tal como las desea. (un ejemplo podr\u00eda ser las cortinas de las ventanas cerradas en los dormitorios, todos los ventiladores encendidos con luces, etc.)<\/p>\n<\/div><div class=\"fusion-title title fusion-title-12 fusion-sep-none fusion-title-text fusion-title-size-four\" style=\"--awb-text-color:var(--awb-color3);--awb-margin-top-small:0px;--awb-margin-right-small:0px;--awb-margin-bottom-small:0px;--awb-margin-left-small:0px;--awb-font-size:var(--awb-typography3-font-size);\"><h4 class=\"fusion-title-heading title-heading-left fusion-responsive-typography-calculated\" style=\"font-family:var(--awb-typography3-font-family);font-weight:var(--awb-typography3-font-weight);font-style:var(--awb-typography3-font-style);margin:0;letter-spacing:var(--awb-typography3-letter-spacing);text-transform:var(--awb-typography3-text-transform);font-size:1em;--fontSize:20;--minFontSize:20;line-height:var(--awb-typography3-line-height);\">Temporizaci\u00f3n e iluminaci\u00f3n<\/h4><\/div><div class=\"fusion-text fusion-text-5\" style=\"--awb-text-transform:none;\"><p>Cada propiedad es diferente; tenemos diferentes vistas, vecinos, iluminaci\u00f3n natural e iluminaci\u00f3n artificial\/adicional para realzar las im\u00e1genes. Siempre recomendamos tomar fotos temprano en la ma\u00f1ana, especialmente cuando tiene hermosas vistas desde sus ventanas. Ganar los azules profundos y los verdes exuberantes agrega un hermoso contraste a sus im\u00e1genes, lo que ayuda a mejorar la calidad de la imagen. A menos que est\u00e9 interesado en una sesi\u00f3n de fotograf\u00eda de tarde\/noche para capturar la verdadera belleza de la propiedad una vez iluminada. <strong><span style=\"text-decoration: underline;\">NUNCA<\/span><\/strong> recomendamos tomar las fotos a la mitad del d\u00eda, ya que el calor no ayuda a nuestra concentraci\u00f3n, la luz es demasiado fuerte y las paredes o ventanas blancas pueden quedar sobreexpuestas. Dejemos las sesiones de fotograf\u00eda para las primeras horas de la ma\u00f1ana o las \u00faltimas de la tarde.<\/p>\n<\/div><div class=\"fusion-title title fusion-title-13 fusion-sep-none fusion-title-text fusion-title-size-four\" style=\"--awb-text-color:var(--awb-color3);--awb-margin-top-small:0px;--awb-margin-right-small:0px;--awb-margin-bottom-small:0px;--awb-margin-left-small:0px;--awb-font-size:var(--awb-typography3-font-size);\"><h4 class=\"fusion-title-heading title-heading-left fusion-responsive-typography-calculated\" style=\"font-family:var(--awb-typography3-font-family);font-weight:var(--awb-typography3-font-weight);font-style:var(--awb-typography3-font-style);margin:0;letter-spacing:var(--awb-typography3-letter-spacing);text-transform:var(--awb-typography3-text-transform);font-size:1em;--fontSize:20;--minFontSize:20;line-height:var(--awb-typography3-line-height);\">Qu\u00e9 esperar al final<\/h4><\/div><div class=\"fusion-text fusion-text-6\" style=\"--awb-text-transform:none;\"><p>Nos enfocamos en los \u00e1ngulos amplios con varias lentes en nuestras bolsas de equipo. Al mostrar c\u00f3mo se ve el \u00e1rea, agregamos una edici\u00f3n m\u00ednima para mantener los colores fieles a lo que son. Nada peor que verdes y azules sobresaturados, haciendo que la imagen parezca falsa. Recorreremos la propiedad de un extremo a otro, capturando cada habitaci\u00f3n, ba\u00f1o, sala de estar, dormitorio, cocina, exterior, etc.<\/p>\n<p>Suponga que est\u00e1 buscando algo espec\u00edfico; le recomendamos que nos muestre sus ideas de lo que est\u00e1 tratando de capturar para que podamos tratar de proporcionar exactamente eso. Recuerda que la fotograf\u00eda es un arte, y algunas te gustan y otras no. Tenemos nuestro estilo, que muestra mejor la propiedad por lo que parece. Nada como la foto promocional de Mc&#8217;Donalds BigMac, y lo que recibes en la caja no es nada parecido.<\/p>\n<\/div><\/div><\/div><\/div><\/div><\/div>\n","protected":false},"excerpt":{"rendered":"","protected":false},"author":1,"featured_media":2633,"parent":0,"menu_order":8,"comment_status":"closed","ping_status":"closed","template":"100-width.php","meta":{"footnotes":""},"class_list":["post-3765","page","type-page","status-publish","has-post-thumbnail","hentry"],"aioseo_notices":[],"_links":{"self":[{"href":"https:\/\/jacophotographer.com\/es\/wp-json\/wp\/v2\/pages\/3765","targetHints":{"allow":["GET"]}}],"collection":[{"href":"https:\/\/jacophotographer.com\/es\/wp-json\/wp\/v2\/pages"}],"about":[{"href":"https:\/\/jacophotographer.com\/es\/wp-json\/wp\/v2\/types\/page"}],"author":[{"embeddable":true,"href":"https:\/\/jacophotographer.com\/es\/wp-json\/wp\/v2\/users\/1"}],"replies":[{"embeddable":true,"href":"https:\/\/jacophotographer.com\/es\/wp-json\/wp\/v2\/comments?post=3765"}],"version-history":[{"count":0,"href":"https:\/\/jacophotographer.com\/es\/wp-json\/wp\/v2\/pages\/3765\/revisions"}],"wp:featuredmedia":[{"embeddable":true,"href":"https:\/\/jacophotographer.com\/es\/wp-json\/wp\/v2\/media\/2633"}],"wp:attachment":[{"href":"https:\/\/jacophotographer.com\/es\/wp-json\/wp\/v2\/media?parent=3765"}],"curies":[{"name":"wp","href":"https:\/\/api.w.org\/{rel}","templated":true}]}}